{"id":92,"date":"2025-05-01T08:00:16","date_gmt":"2025-05-01T06:00:16","guid":{"rendered":"https:\/\/feyder.fr\/?page_id=92"},"modified":"2025-05-17T17:30:48","modified_gmt":"2025-05-17T15:30:48","slug":"voyage-a-berlin","status":"publish","type":"page","link":"https:\/\/feyder.fr\/?page_id=92","title":{"rendered":"Voyage \u00e0 Berlin"},"content":{"rendered":"\n<div class=\"wp-block-columns is-layout-flex wp-container-core-columns-is-layout-28f84493 wp-block-columns-is-layout-flex\">\n<div class=\"wp-block-column is-vertically-aligned-center is-layout-flow wp-block-column-is-layout-flow\">\n<figure class=\"wp-block-image size-large\"><img loading=\"lazy\" decoding=\"async\" width=\"1024\" height=\"163\" src=\"https:\/\/feyder.fr\/wp-content\/uploads\/2025\/05\/Voyage_Berlin_28-1024x163.jpeg\" alt=\"\" class=\"wp-image-230\" srcset=\"https:\/\/feyder.fr\/wp-content\/uploads\/2025\/05\/Voyage_Berlin_28-1024x163.jpeg 1024w, https:\/\/feyder.fr\/wp-content\/uploads\/2025\/05\/Voyage_Berlin_28-300x48.jpeg 300w, https:\/\/feyder.fr\/wp-content\/uploads\/2025\/05\/Voyage_Berlin_28-768x122.jpeg 768w, https:\/\/feyder.fr\/wp-content\/uploads\/2025\/05\/Voyage_Berlin_28-1536x245.jpeg 1536w, https:\/\/feyder.fr\/wp-content\/uploads\/2025\/05\/Voyage_Berlin_28.jpeg 1600w\" sizes=\"auto, (max-width: 1024px) 100vw, 1024px\" \/><\/figure>\n<\/div>\n\n\n\n<div class=\"wp-block-column is-layout-flow wp-block-column-is-layout-flow\">\n<figure class=\"wp-block-image size-large\"><img loading=\"lazy\" decoding=\"async\" width=\"1024\" height=\"512\" src=\"https:\/\/feyder.fr\/wp-content\/uploads\/2025\/05\/Voyage_Berlin_27-1024x512.jpeg\" alt=\"\" class=\"wp-image-229\" srcset=\"https:\/\/feyder.fr\/wp-content\/uploads\/2025\/05\/Voyage_Berlin_27-1024x512.jpeg 1024w, https:\/\/feyder.fr\/wp-content\/uploads\/2025\/05\/Voyage_Berlin_27-300x150.jpeg 300w, https:\/\/feyder.fr\/wp-content\/uploads\/2025\/05\/Voyage_Berlin_27-768x384.jpeg 768w, https:\/\/feyder.fr\/wp-content\/uploads\/2025\/05\/Voyage_Berlin_27-1536x768.jpeg 1536w, https:\/\/feyder.fr\/wp-content\/uploads\/2025\/05\/Voyage_Berlin_27.jpeg 1600w\" sizes=\"auto, (max-width: 1024px) 100vw, 1024px\" \/><\/figure>\n<\/div>\n<\/div>\n\n\n\n<p>Un grand merci \u00e0 la <strong>mairie d&rsquo;Epinay-sur-Seine<\/strong> et \u00e0 l&rsquo;<strong>Office franco-allemand pour la Jeunesse<\/strong> pour leur soutien.<\/p>\n\n\n\n<h3 class=\"wp-block-heading\">Lundi 28\/04\/2025 et mardi 29\/04\/2025<\/h3>\n\n\n\n<figure class=\"wp-block-gallery has-nested-images columns-default is-cropped wp-block-gallery-1 is-layout-flex wp-block-gallery-is-layout-flex\">\n<figure class=\"wp-block-image size-large\"><a href=\"https:\/\/feyder.fr\/wp-content\/uploads\/2025\/05\/voyage_berlin_01.jpg\" target=\"_blank\" rel=\" noreferrer noopener\"><img loading=\"lazy\" decoding=\"async\" width=\"1024\" height=\"768\" data-id=\"93\" src=\"https:\/\/feyder.fr\/wp-content\/uploads\/2025\/05\/voyage_berlin_01-1024x768.jpg\" alt=\"\" class=\"wp-image-93\" srcset=\"https:\/\/feyder.fr\/wp-content\/uploads\/2025\/05\/voyage_berlin_01-1024x768.jpg 1024w, https:\/\/feyder.fr\/wp-content\/uploads\/2025\/05\/voyage_berlin_01-300x225.jpg 300w, https:\/\/feyder.fr\/wp-content\/uploads\/2025\/05\/voyage_berlin_01-768x576.jpg 768w, https:\/\/feyder.fr\/wp-content\/uploads\/2025\/05\/voyage_berlin_01-1536x1152.jpg 1536w, https:\/\/feyder.fr\/wp-content\/uploads\/2025\/05\/voyage_berlin_01.jpg 1600w\" sizes=\"auto, (max-width: 1024px) 100vw, 1024px\" \/><\/a><figcaption class=\"wp-element-caption\">Arriv\u00e9e matinale \u00e0 Berlin.<\/figcaption><\/figure>\n\n\n\n<figure class=\"wp-block-image size-large\"><a href=\"https:\/\/feyder.fr\/wp-content\/uploads\/2025\/05\/voyage_berlin_02.jpg\" target=\"_blank\" rel=\" noreferrer noopener\"><img loading=\"lazy\" decoding=\"async\" width=\"1024\" height=\"768\" data-id=\"95\" src=\"https:\/\/feyder.fr\/wp-content\/uploads\/2025\/05\/voyage_berlin_02-1024x768.jpg\" alt=\"\" class=\"wp-image-95\" srcset=\"https:\/\/feyder.fr\/wp-content\/uploads\/2025\/05\/voyage_berlin_02-1024x768.jpg 1024w, https:\/\/feyder.fr\/wp-content\/uploads\/2025\/05\/voyage_berlin_02-300x225.jpg 300w, https:\/\/feyder.fr\/wp-content\/uploads\/2025\/05\/voyage_berlin_02-768x576.jpg 768w, https:\/\/feyder.fr\/wp-content\/uploads\/2025\/05\/voyage_berlin_02-1536x1152.jpg 1536w, https:\/\/feyder.fr\/wp-content\/uploads\/2025\/05\/voyage_berlin_02.jpg 2000w\" sizes=\"auto, (max-width: 1024px) 100vw, 1024px\" \/><\/a><figcaption class=\"wp-element-caption\">Acceuil \u00e0 l&rsquo;auberge de jeunesse.<\/figcaption><\/figure>\n\n\n\n<figure class=\"wp-block-image size-large\"><a href=\"https:\/\/feyder.fr\/wp-content\/uploads\/2025\/05\/voyage_berlin_03.jpg\" target=\"_blank\" rel=\" noreferrer noopener\"><img loading=\"lazy\" decoding=\"async\" width=\"1024\" height=\"768\" data-id=\"97\" src=\"https:\/\/feyder.fr\/wp-content\/uploads\/2025\/05\/voyage_berlin_03-1024x768.jpg\" alt=\"\" class=\"wp-image-97\" srcset=\"https:\/\/feyder.fr\/wp-content\/uploads\/2025\/05\/voyage_berlin_03-1024x768.jpg 1024w, https:\/\/feyder.fr\/wp-content\/uploads\/2025\/05\/voyage_berlin_03-300x225.jpg 300w, https:\/\/feyder.fr\/wp-content\/uploads\/2025\/05\/voyage_berlin_03-768x576.jpg 768w, https:\/\/feyder.fr\/wp-content\/uploads\/2025\/05\/voyage_berlin_03-1536x1152.jpg 1536w, https:\/\/feyder.fr\/wp-content\/uploads\/2025\/05\/voyage_berlin_03.jpg 2000w\" sizes=\"auto, (max-width: 1024px) 100vw, 1024px\" \/><\/a><figcaption class=\"wp-element-caption\">Visite guid\u00e9e sous le soleil du quartier du Reichstag.<\/figcaption><\/figure>\n\n\n\n<figure class=\"wp-block-image size-large\"><a href=\"https:\/\/feyder.fr\/wp-content\/uploads\/2025\/05\/voyage_berlin_04.jpg\" target=\"_blank\" rel=\" noreferrer noopener\"><img loading=\"lazy\" decoding=\"async\" width=\"1024\" height=\"768\" data-id=\"98\" src=\"https:\/\/feyder.fr\/wp-content\/uploads\/2025\/05\/voyage_berlin_04-1024x768.jpg\" alt=\"\" class=\"wp-image-98\" srcset=\"https:\/\/feyder.fr\/wp-content\/uploads\/2025\/05\/voyage_berlin_04-1024x768.jpg 1024w, https:\/\/feyder.fr\/wp-content\/uploads\/2025\/05\/voyage_berlin_04-300x225.jpg 300w, https:\/\/feyder.fr\/wp-content\/uploads\/2025\/05\/voyage_berlin_04-768x576.jpg 768w, https:\/\/feyder.fr\/wp-content\/uploads\/2025\/05\/voyage_berlin_04-1536x1152.jpg 1536w, https:\/\/feyder.fr\/wp-content\/uploads\/2025\/05\/voyage_berlin_04.jpg 2048w\" sizes=\"auto, (max-width: 1024px) 100vw, 1024px\" \/><\/a><figcaption class=\"wp-element-caption\">Passage \u00e0 la porte de Brandebourg.<\/figcaption><\/figure>\n\n\n\n<figure class=\"wp-block-image size-large\"><a href=\"https:\/\/feyder.fr\/wp-content\/uploads\/2025\/05\/voyage_berlin_05.jpg\" target=\"_blank\" rel=\" noreferrer noopener\"><img loading=\"lazy\" decoding=\"async\" width=\"768\" height=\"1024\" data-id=\"99\" src=\"https:\/\/feyder.fr\/wp-content\/uploads\/2025\/05\/voyage_berlin_05-768x1024.jpg\" alt=\"\" class=\"wp-image-99\" srcset=\"https:\/\/feyder.fr\/wp-content\/uploads\/2025\/05\/voyage_berlin_05-768x1024.jpg 768w, https:\/\/feyder.fr\/wp-content\/uploads\/2025\/05\/voyage_berlin_05-225x300.jpg 225w, https:\/\/feyder.fr\/wp-content\/uploads\/2025\/05\/voyage_berlin_05-1152x1536.jpg 1152w, https:\/\/feyder.fr\/wp-content\/uploads\/2025\/05\/voyage_berlin_05.jpg 1536w\" sizes=\"auto, (max-width: 768px) 100vw, 768px\" \/><\/a><figcaption class=\"wp-element-caption\">Le Reichstag.<\/figcaption><\/figure>\n\n\n\n<figure class=\"wp-block-image size-large\"><a href=\"https:\/\/feyder.fr\/wp-content\/uploads\/2025\/05\/voyage_berlin_06.jpg\" target=\"_blank\" rel=\" noreferrer noopener\"><img loading=\"lazy\" decoding=\"async\" width=\"1024\" height=\"768\" data-id=\"96\" src=\"https:\/\/feyder.fr\/wp-content\/uploads\/2025\/05\/voyage_berlin_06-1024x768.jpg\" alt=\"\" class=\"wp-image-96\" srcset=\"https:\/\/feyder.fr\/wp-content\/uploads\/2025\/05\/voyage_berlin_06-1024x768.jpg 1024w, https:\/\/feyder.fr\/wp-content\/uploads\/2025\/05\/voyage_berlin_06-300x225.jpg 300w, https:\/\/feyder.fr\/wp-content\/uploads\/2025\/05\/voyage_berlin_06-768x576.jpg 768w, https:\/\/feyder.fr\/wp-content\/uploads\/2025\/05\/voyage_berlin_06-1536x1152.jpg 1536w, https:\/\/feyder.fr\/wp-content\/uploads\/2025\/05\/voyage_berlin_06.jpg 2000w\" sizes=\"auto, (max-width: 1024px) 100vw, 1024px\" \/><\/a><figcaption class=\"wp-element-caption\">Visite de l&rsquo;assembl\u00e9e du Brandebourg.<\/figcaption><\/figure>\n\n\n\n<figure class=\"wp-block-image size-large\"><a href=\"https:\/\/feyder.fr\/wp-content\/uploads\/2025\/05\/voyage_berlin_07.jpg\" target=\"_blank\" rel=\" noreferrer noopener\"><img loading=\"lazy\" decoding=\"async\" width=\"1024\" height=\"768\" data-id=\"94\" src=\"https:\/\/feyder.fr\/wp-content\/uploads\/2025\/05\/voyage_berlin_07-1024x768.jpg\" alt=\"\" class=\"wp-image-94\" srcset=\"https:\/\/feyder.fr\/wp-content\/uploads\/2025\/05\/voyage_berlin_07-1024x768.jpg 1024w, https:\/\/feyder.fr\/wp-content\/uploads\/2025\/05\/voyage_berlin_07-300x225.jpg 300w, https:\/\/feyder.fr\/wp-content\/uploads\/2025\/05\/voyage_berlin_07-768x576.jpg 768w, https:\/\/feyder.fr\/wp-content\/uploads\/2025\/05\/voyage_berlin_07-1536x1152.jpg 1536w, https:\/\/feyder.fr\/wp-content\/uploads\/2025\/05\/voyage_berlin_07.jpg 2000w\" sizes=\"auto, (max-width: 1024px) 100vw, 1024px\" \/><\/a><figcaption class=\"wp-element-caption\">East side Gallery, dernier gros tron\u00e7on du mur de Berlin.<\/figcaption><\/figure>\n<\/figure>\n\n\n\n<hr class=\"wp-block-separator has-alpha-channel-opacity\"\/>\n\n\n\n<h3 class=\"wp-block-heading\">Mercredi 30\/04\/2025<\/h3>\n\n\n\n<p>Ce matin, nous sommes mont\u00e9s sur un gratte-ciel pour voir Berlin de haut. Puis, nous avons visit\u00e9 le mus\u00e9e de l&rsquo;espionnage. Ensuite, les \u00e9l\u00e8ves ont fait un jeu de piste en groupes binationaux sur le th\u00e8me des deux Allemagnes. Il se terminait au m\u00e9morial du Mur.<\/p>\n\n\n\n<p>Les gagnants ont \u00e9t\u00e9 r\u00e9compens\u00e9s ce soir apr\u00e8s le d\u00eener et un petit moment studieux o\u00f9 il s&rsquo;agissait de raconter les trois jours pass\u00e9s en mettant en valeur ce qui avait plus, d\u00e9plu et \u00e9tonn\u00e9.<\/p>\n\n\n\n<p>La derni\u00e8re photo est le dernier tron\u00e7on int\u00e9gral du mur de Berlin : grand mur c\u00f4t\u00e9 ouest, une zone d\u00e9serte avec \u00e9ventuellement quelques pi\u00e8ges et un mirador , et le petit mur avec du barbel\u00e9 c\u00f4t\u00e9 est.<\/p>\n\n\n\n<figure class=\"wp-block-gallery has-nested-images columns-default is-cropped wp-block-gallery-2 is-layout-flex wp-block-gallery-is-layout-flex\">\n<figure class=\"wp-block-image size-large\"><a href=\"https:\/\/feyder.fr\/wp-content\/uploads\/2025\/05\/voyage_berlin_08.jpg\" target=\"_blank\" rel=\" noreferrer noopener\"><img loading=\"lazy\" decoding=\"async\" width=\"768\" height=\"1024\" data-id=\"109\" src=\"https:\/\/feyder.fr\/wp-content\/uploads\/2025\/05\/voyage_berlin_08-768x1024.jpg\" alt=\"\" class=\"wp-image-109\" srcset=\"https:\/\/feyder.fr\/wp-content\/uploads\/2025\/05\/voyage_berlin_08-768x1024.jpg 768w, https:\/\/feyder.fr\/wp-content\/uploads\/2025\/05\/voyage_berlin_08-225x300.jpg 225w, https:\/\/feyder.fr\/wp-content\/uploads\/2025\/05\/voyage_berlin_08-1152x1536.jpg 1152w, https:\/\/feyder.fr\/wp-content\/uploads\/2025\/05\/voyage_berlin_08.jpg 1500w\" sizes=\"auto, (max-width: 768px) 100vw, 768px\" \/><\/a><\/figure>\n\n\n\n<figure class=\"wp-block-image size-large\"><a href=\"https:\/\/feyder.fr\/wp-content\/uploads\/2025\/05\/voyage_berlin_09.jpg\" target=\"_blank\" rel=\" noreferrer noopener\"><img loading=\"lazy\" decoding=\"async\" width=\"1024\" height=\"768\" data-id=\"111\" src=\"https:\/\/feyder.fr\/wp-content\/uploads\/2025\/05\/voyage_berlin_09-1024x768.jpg\" alt=\"\" class=\"wp-image-111\" srcset=\"https:\/\/feyder.fr\/wp-content\/uploads\/2025\/05\/voyage_berlin_09-1024x768.jpg 1024w, https:\/\/feyder.fr\/wp-content\/uploads\/2025\/05\/voyage_berlin_09-300x225.jpg 300w, https:\/\/feyder.fr\/wp-content\/uploads\/2025\/05\/voyage_berlin_09-768x576.jpg 768w, https:\/\/feyder.fr\/wp-content\/uploads\/2025\/05\/voyage_berlin_09-1536x1152.jpg 1536w, https:\/\/feyder.fr\/wp-content\/uploads\/2025\/05\/voyage_berlin_09.jpg 2000w\" sizes=\"auto, (max-width: 1024px) 100vw, 1024px\" \/><\/a><\/figure>\n\n\n\n<figure class=\"wp-block-image size-large\"><a href=\"https:\/\/feyder.fr\/wp-content\/uploads\/2025\/05\/voyage_berlin_10.jpg\" target=\"_blank\" rel=\" noreferrer noopener\"><img loading=\"lazy\" decoding=\"async\" width=\"1024\" height=\"768\" data-id=\"108\" src=\"https:\/\/feyder.fr\/wp-content\/uploads\/2025\/05\/voyage_berlin_10-1024x768.jpg\" alt=\"\" class=\"wp-image-108\" srcset=\"https:\/\/feyder.fr\/wp-content\/uploads\/2025\/05\/voyage_berlin_10-1024x768.jpg 1024w, https:\/\/feyder.fr\/wp-content\/uploads\/2025\/05\/voyage_berlin_10-300x225.jpg 300w, https:\/\/feyder.fr\/wp-content\/uploads\/2025\/05\/voyage_berlin_10-768x576.jpg 768w, https:\/\/feyder.fr\/wp-content\/uploads\/2025\/05\/voyage_berlin_10-1536x1152.jpg 1536w, https:\/\/feyder.fr\/wp-content\/uploads\/2025\/05\/voyage_berlin_10.jpg 2000w\" sizes=\"auto, (max-width: 1024px) 100vw, 1024px\" \/><\/a><\/figure>\n\n\n\n<figure class=\"wp-block-image size-large\"><a href=\"https:\/\/feyder.fr\/wp-content\/uploads\/2025\/05\/Voyage_Berlin_21.jpg\" target=\"_blank\" rel=\" noreferrer noopener\"><img loading=\"lazy\" decoding=\"async\" width=\"697\" height=\"1024\" data-id=\"159\" src=\"https:\/\/feyder.fr\/wp-content\/uploads\/2025\/05\/Voyage_Berlin_21-697x1024.jpg\" alt=\"\" class=\"wp-image-159\" srcset=\"https:\/\/feyder.fr\/wp-content\/uploads\/2025\/05\/Voyage_Berlin_21-697x1024.jpg 697w, https:\/\/feyder.fr\/wp-content\/uploads\/2025\/05\/Voyage_Berlin_21-204x300.jpg 204w, https:\/\/feyder.fr\/wp-content\/uploads\/2025\/05\/Voyage_Berlin_21-768x1128.jpg 768w, https:\/\/feyder.fr\/wp-content\/uploads\/2025\/05\/Voyage_Berlin_21.jpg 850w\" sizes=\"auto, (max-width: 697px) 100vw, 697px\" \/><\/a><\/figure>\n\n\n\n<figure class=\"wp-block-image size-large\"><a href=\"https:\/\/feyder.fr\/wp-content\/uploads\/2025\/05\/voyage_berlin_12.jpg\" target=\"_blank\" rel=\" noreferrer noopener\"><img loading=\"lazy\" decoding=\"async\" width=\"1024\" height=\"768\" data-id=\"110\" src=\"https:\/\/feyder.fr\/wp-content\/uploads\/2025\/05\/voyage_berlin_12-1024x768.jpg\" alt=\"\" class=\"wp-image-110\" srcset=\"https:\/\/feyder.fr\/wp-content\/uploads\/2025\/05\/voyage_berlin_12-1024x768.jpg 1024w, https:\/\/feyder.fr\/wp-content\/uploads\/2025\/05\/voyage_berlin_12-300x225.jpg 300w, https:\/\/feyder.fr\/wp-content\/uploads\/2025\/05\/voyage_berlin_12-768x576.jpg 768w, https:\/\/feyder.fr\/wp-content\/uploads\/2025\/05\/voyage_berlin_12-1536x1152.jpg 1536w, https:\/\/feyder.fr\/wp-content\/uploads\/2025\/05\/voyage_berlin_12.jpg 2000w\" sizes=\"auto, (max-width: 1024px) 100vw, 1024px\" \/><\/a><\/figure>\n\n\n\n<figure class=\"wp-block-image size-large\"><a href=\"https:\/\/feyder.fr\/wp-content\/uploads\/2025\/05\/voyage_berlin_13.jpg\" target=\"_blank\" rel=\" noreferrer noopener\"><img loading=\"lazy\" decoding=\"async\" width=\"1024\" height=\"576\" data-id=\"107\" src=\"https:\/\/feyder.fr\/wp-content\/uploads\/2025\/05\/voyage_berlin_13-1024x576.jpg\" alt=\"\" class=\"wp-image-107\" srcset=\"https:\/\/feyder.fr\/wp-content\/uploads\/2025\/05\/voyage_berlin_13-1024x576.jpg 1024w, https:\/\/feyder.fr\/wp-content\/uploads\/2025\/05\/voyage_berlin_13-300x169.jpg 300w, https:\/\/feyder.fr\/wp-content\/uploads\/2025\/05\/voyage_berlin_13-768x432.jpg 768w, https:\/\/feyder.fr\/wp-content\/uploads\/2025\/05\/voyage_berlin_13-1536x864.jpg 1536w, https:\/\/feyder.fr\/wp-content\/uploads\/2025\/05\/voyage_berlin_13.jpg 1599w\" sizes=\"auto, (max-width: 1024px) 100vw, 1024px\" \/><\/a><\/figure>\n<\/figure>\n\n\n\n<hr class=\"wp-block-separator has-alpha-channel-opacity\"\/>\n\n\n\n<h2 class=\"wp-block-heading\">Jeudi 01\/05\/2025<\/h2>\n\n\n\n<p>Aujourd&rsquo;hui, nous \u00e9tions \u00e0 Potsdam, dans la banlieue de Berlin.<\/p>\n\n\n\n<p>Nous y avons visit\u00e9 le palais d&rsquo;apparat du roi de Prusse Fr\u00e9d\u00e9ric le Grand. Ensuite, nous avons travers\u00e9 les jardins avant de laisser les \u00e9l\u00e8ves d\u00e9couvrir la ville en autonomie pendant 2h.<\/p>\n\n\n\n<p>Nous avons d\u00een\u00e9 \u00e0 l&rsquo;auberge avant de faire un petit travail sur la journ\u00e9e.<\/p>\n\n\n\n<figure class=\"wp-block-gallery has-nested-images columns-default is-cropped wp-block-gallery-3 is-layout-flex wp-block-gallery-is-layout-flex\">\n<figure class=\"wp-block-image size-large\"><img loading=\"lazy\" decoding=\"async\" width=\"1024\" height=\"768\" data-id=\"123\" src=\"https:\/\/feyder.fr\/wp-content\/uploads\/2025\/05\/Voyage_Berlin_15-1024x768.png\" alt=\"\" class=\"wp-image-123\" srcset=\"https:\/\/feyder.fr\/wp-content\/uploads\/2025\/05\/Voyage_Berlin_15-1024x768.png 1024w, https:\/\/feyder.fr\/wp-content\/uploads\/2025\/05\/Voyage_Berlin_15-300x225.png 300w, https:\/\/feyder.fr\/wp-content\/uploads\/2025\/05\/Voyage_Berlin_15-768x576.png 768w, https:\/\/feyder.fr\/wp-content\/uploads\/2025\/05\/Voyage_Berlin_15-1536x1152.png 1536w, https:\/\/feyder.fr\/wp-content\/uploads\/2025\/05\/Voyage_Berlin_15.png 1600w\" sizes=\"auto, (max-width: 1024px) 100vw, 1024px\" \/><\/figure>\n\n\n\n<figure class=\"wp-block-image size-large\"><img loading=\"lazy\" decoding=\"async\" width=\"1024\" height=\"768\" data-id=\"122\" src=\"https:\/\/feyder.fr\/wp-content\/uploads\/2025\/05\/Voyage_Berlin_16-1024x768.png\" alt=\"\" class=\"wp-image-122\" srcset=\"https:\/\/feyder.fr\/wp-content\/uploads\/2025\/05\/Voyage_Berlin_16-1024x768.png 1024w, https:\/\/feyder.fr\/wp-content\/uploads\/2025\/05\/Voyage_Berlin_16-300x225.png 300w, https:\/\/feyder.fr\/wp-content\/uploads\/2025\/05\/Voyage_Berlin_16-768x576.png 768w, https:\/\/feyder.fr\/wp-content\/uploads\/2025\/05\/Voyage_Berlin_16-1536x1152.png 1536w, https:\/\/feyder.fr\/wp-content\/uploads\/2025\/05\/Voyage_Berlin_16.png 1600w\" sizes=\"auto, (max-width: 1024px) 100vw, 1024px\" \/><\/figure>\n\n\n\n<figure class=\"wp-block-image size-large\"><img loading=\"lazy\" decoding=\"async\" width=\"1024\" height=\"768\" data-id=\"124\" src=\"https:\/\/feyder.fr\/wp-content\/uploads\/2025\/05\/Voyage_Berlin_17-1024x768.png\" alt=\"\" class=\"wp-image-124\" srcset=\"https:\/\/feyder.fr\/wp-content\/uploads\/2025\/05\/Voyage_Berlin_17-1024x768.png 1024w, https:\/\/feyder.fr\/wp-content\/uploads\/2025\/05\/Voyage_Berlin_17-300x225.png 300w, https:\/\/feyder.fr\/wp-content\/uploads\/2025\/05\/Voyage_Berlin_17-768x576.png 768w, https:\/\/feyder.fr\/wp-content\/uploads\/2025\/05\/Voyage_Berlin_17-1536x1152.png 1536w, https:\/\/feyder.fr\/wp-content\/uploads\/2025\/05\/Voyage_Berlin_17.png 1600w\" sizes=\"auto, (max-width: 1024px) 100vw, 1024px\" \/><\/figure>\n\n\n\n<figure class=\"wp-block-image size-large\"><img loading=\"lazy\" decoding=\"async\" width=\"576\" height=\"1024\" data-id=\"121\" src=\"https:\/\/feyder.fr\/wp-content\/uploads\/2025\/05\/Voyage_Berlin_20-576x1024.png\" alt=\"\" class=\"wp-image-121\" srcset=\"https:\/\/feyder.fr\/wp-content\/uploads\/2025\/05\/Voyage_Berlin_20-576x1024.png 576w, https:\/\/feyder.fr\/wp-content\/uploads\/2025\/05\/Voyage_Berlin_20-169x300.png 169w, https:\/\/feyder.fr\/wp-content\/uploads\/2025\/05\/Voyage_Berlin_20-768x1365.png 768w, https:\/\/feyder.fr\/wp-content\/uploads\/2025\/05\/Voyage_Berlin_20-864x1536.png 864w, https:\/\/feyder.fr\/wp-content\/uploads\/2025\/05\/Voyage_Berlin_20.png 900w\" sizes=\"auto, (max-width: 576px) 100vw, 576px\" \/><\/figure>\n\n\n\n<figure class=\"wp-block-image size-large\"><img loading=\"lazy\" decoding=\"async\" width=\"1024\" height=\"768\" data-id=\"126\" src=\"https:\/\/feyder.fr\/wp-content\/uploads\/2025\/05\/Voyage_Berlin_19-1024x768.png\" alt=\"\" class=\"wp-image-126\" srcset=\"https:\/\/feyder.fr\/wp-content\/uploads\/2025\/05\/Voyage_Berlin_19-1024x768.png 1024w, https:\/\/feyder.fr\/wp-content\/uploads\/2025\/05\/Voyage_Berlin_19-300x225.png 300w, https:\/\/feyder.fr\/wp-content\/uploads\/2025\/05\/Voyage_Berlin_19-768x576.png 768w, https:\/\/feyder.fr\/wp-content\/uploads\/2025\/05\/Voyage_Berlin_19-1536x1152.png 1536w, https:\/\/feyder.fr\/wp-content\/uploads\/2025\/05\/Voyage_Berlin_19.png 1600w\" sizes=\"auto, (max-width: 1024px) 100vw, 1024px\" \/><\/figure>\n\n\n\n<figure class=\"wp-block-image size-large\"><img loading=\"lazy\" decoding=\"async\" width=\"768\" height=\"1024\" data-id=\"125\" src=\"https:\/\/feyder.fr\/wp-content\/uploads\/2025\/05\/Voyage_Berlin_18-768x1024.png\" alt=\"\" class=\"wp-image-125\" srcset=\"https:\/\/feyder.fr\/wp-content\/uploads\/2025\/05\/Voyage_Berlin_18-768x1024.png 768w, https:\/\/feyder.fr\/wp-content\/uploads\/2025\/05\/Voyage_Berlin_18-225x300.png 225w, https:\/\/feyder.fr\/wp-content\/uploads\/2025\/05\/Voyage_Berlin_18-1152x1536.png 1152w, https:\/\/feyder.fr\/wp-content\/uploads\/2025\/05\/Voyage_Berlin_18.png 1200w\" sizes=\"auto, (max-width: 768px) 100vw, 768px\" \/><\/figure>\n<\/figure>\n","protected":false},"excerpt":{"rendered":"<p>Un grand merci \u00e0 la mairie d&rsquo;Epinay-sur-Seine et \u00e0 l&rsquo;Office franco-allemand pour la Jeunesse pour leur soutien. Lundi 28\/04\/2025 et [&hellip;]<\/p>\n","protected":false},"author":1,"featured_media":0,"parent":0,"menu_order":0,"comment_status":"closed","ping_status":"closed","template":"","meta":{"site-sidebar-layout":"default","site-content-layout":"","ast-site-content-layout":"","site-content-style":"default","site-sidebar-style":"default","ast-global-header-display":"","ast-banner-title-visibility":"","ast-main-header-display":"","ast-hfb-above-header-display":"","ast-hfb-below-header-display":"","ast-hfb-mobile-header-display":"","site-post-title":"","ast-breadcrumbs-content":"","ast-featured-img":"","footer-sml-layout":"","theme-transparent-header-meta":"","adv-header-id-meta":"","stick-header-meta":"","header-above-stick-meta":"","header-main-stick-meta":"","header-below-stick-meta":"","astra-migrate-meta-layouts":"default","ast-page-background-enabled":"default","ast-page-background-meta":{"desktop":{"background-color":"var(--ast-global-color-5)","background-image":"","background-repeat":"repeat","background-position":"center center","background-size":"auto","background-attachment":"scroll","background-type":"","background-media":"","overlay-type":"","overlay-color":"","overlay-opacity":"","overlay-gradient":""},"tablet":{"background-color":"","background-image":"","background-repeat":"repeat","background-position":"center center","background-size":"auto","background-attachment":"scroll","background-type":"","background-media":"","overlay-type":"","overlay-color":"","overlay-opacity":"","overlay-gradient":""},"mobile":{"background-color":"","background-image":"","background-repeat":"repeat","background-position":"center center","background-size":"auto","background-attachment":"scroll","background-type":"","background-media":"","overlay-type":"","overlay-color":"","overlay-opacity":"","overlay-gradient":""}},"ast-content-background-meta":{"desktop":{"background-color":"var(--ast-global-color-4)","background-image":"","background-repeat":"repeat","background-position":"center center","background-size":"auto","background-attachment":"scroll","background-type":"","background-media":"","overlay-type":"","overlay-color":"","overlay-opacity":"","overlay-gradient":""},"tablet":{"background-color":"var(--ast-global-color-4)","background-image":"","background-repeat":"repeat","background-position":"center center","background-size":"auto","background-attachment":"scroll","background-type":"","background-media":"","overlay-type":"","overlay-color":"","overlay-opacity":"","overlay-gradient":""},"mobile":{"background-color":"var(--ast-global-color-4)","background-image":"","background-repeat":"repeat","background-position":"center center","background-size":"auto","background-attachment":"scroll","background-type":"","background-media":"","overlay-type":"","overlay-color":"","overlay-opacity":"","overlay-gradient":""}},"footnotes":""},"class_list":["post-92","page","type-page","status-publish","hentry"],"_links":{"self":[{"href":"https:\/\/feyder.fr\/index.php?rest_route=\/wp\/v2\/pages\/92","targetHints":{"allow":["GET"]}}],"collection":[{"href":"https:\/\/feyder.fr\/index.php?rest_route=\/wp\/v2\/pages"}],"about":[{"href":"https:\/\/feyder.fr\/index.php?rest_route=\/wp\/v2\/types\/page"}],"author":[{"embeddable":true,"href":"https:\/\/feyder.fr\/index.php?rest_route=\/wp\/v2\/users\/1"}],"replies":[{"embeddable":true,"href":"https:\/\/feyder.fr\/index.php?rest_route=%2Fwp%2Fv2%2Fcomments&post=92"}],"version-history":[{"count":11,"href":"https:\/\/feyder.fr\/index.php?rest_route=\/wp\/v2\/pages\/92\/revisions"}],"predecessor-version":[{"id":233,"href":"https:\/\/feyder.fr\/index.php?rest_route=\/wp\/v2\/pages\/92\/revisions\/233"}],"wp:attachment":[{"href":"https:\/\/feyder.fr\/index.php?rest_route=%2Fwp%2Fv2%2Fmedia&parent=92"}],"curies":[{"name":"wp","href":"https:\/\/api.w.org\/{rel}","templated":true}]}}