{"id":9,"date":"2025-04-29T21:09:00","date_gmt":"2025-04-29T19:09:00","guid":{"rendered":"https:\/\/feyder.fr\/?page_id=9"},"modified":"2026-01-30T10:07:33","modified_gmt":"2026-01-30T09:07:33","slug":"accueil","status":"publish","type":"page","link":"https:\/\/feyder.fr\/","title":{"rendered":"Nouveau site Web"},"content":{"rendered":"\n<p>Le site web a \u00e9t\u00e9 transf\u00e9r\u00e9 \u00e0 cette adresse : <a href=\"https:\/\/lyceefeyder.org\/\">https:\/\/lyceefeyder.org\/<\/a><\/p>\n\n\n\n<h3 class=\"wp-block-heading\">Acc\u00e8s rapide<\/h3>\n\n\n\n<div class=\"wp-block-columns is-layout-flex wp-container-core-columns-is-layout-28f84493 wp-block-columns-is-layout-flex\">\n<div class=\"wp-block-column is-layout-flow wp-block-column-is-layout-flow\">\n<figure class=\"wp-block-image alignleft size-full\"><a href=\"https:\/\/psn.monlycee.net\/\" target=\"_blank\" rel=\" noreferrer noopener\"><img loading=\"lazy\" decoding=\"async\" width=\"200\" height=\"200\" src=\"https:\/\/feyder.fr\/wp-content\/uploads\/2025\/04\/logo_monlycee-net-e1745956408832.jpg\" alt=\"\" class=\"wp-image-11\"\/><\/a><\/figure>\n\n\n\n<figure class=\"wp-block-image alignleft size-full\"><a href=\"https:\/\/feyder.fr\/?p=295\"><img loading=\"lazy\" decoding=\"async\" width=\"144\" height=\"192\" src=\"https:\/\/feyder.fr\/wp-content\/uploads\/2025\/05\/logo_sav_pc.png\" alt=\"\" class=\"wp-image-71\"\/><\/a><\/figure>\n\n\n\n<figure class=\"wp-block-image alignleft size-full\"><a href=\"https:\/\/feyder.fr\/wp-content\/uploads\/2025\/04\/dossier_internat_24-25.pdf\" target=\"_blank\" rel=\" noreferrer noopener\"><img loading=\"lazy\" decoding=\"async\" width=\"200\" height=\"189\" src=\"https:\/\/feyder.fr\/wp-content\/uploads\/2025\/04\/logo_internat-e1745956445507.png\" alt=\"\" class=\"wp-image-15\"\/><\/a><\/figure>\n\n\n\n<figure class=\"wp-block-image alignleft size-full\"><a href=\"https:\/\/feyderactu.wordpress.com\/\" target=\"_blank\" rel=\" noreferrer noopener\"><img loading=\"lazy\" decoding=\"async\" width=\"200\" height=\"115\" src=\"https:\/\/feyder.fr\/wp-content\/uploads\/2025\/04\/logo_journal_lycee-e1745956560894.png\" alt=\"\" class=\"wp-image-16\"\/><\/a><\/figure>\n\n\n\n<figure class=\"wp-block-image size-full\"><a href=\"https:\/\/0930120a.esidoc.fr\/\" target=\"_blank\" rel=\" noreferrer noopener\"><img loading=\"lazy\" decoding=\"async\" width=\"200\" height=\"111\" src=\"https:\/\/feyder.fr\/wp-content\/uploads\/2025\/04\/logo_cdi-e1745956387919.png\" alt=\"\" class=\"wp-image-13\"\/><\/a><\/figure>\n<\/div>\n<\/div>\n\n\n\n<hr class=\"wp-block-separator has-alpha-channel-opacity\"\/>\n\n\n\n<h3 class=\"wp-block-heading\">Actualit\u00e9s<\/h3>\n\n\n\n<figure class=\"wp-block-image size-full\"><a href=\"https:\/\/feyder.fr\/wp-content\/uploads\/2025\/10\/2025_10_permanence_numerique_affiche.png\" target=\"_blank\" rel=\" noreferrer noopener\"><img loading=\"lazy\" decoding=\"async\" width=\"600\" height=\"200\" src=\"https:\/\/feyder.fr\/wp-content\/uploads\/2025\/10\/2025_10_14_permanence_numerique_logo.png\" alt=\"\" class=\"wp-image-594\" srcset=\"https:\/\/feyder.fr\/wp-content\/uploads\/2025\/10\/2025_10_14_permanence_numerique_logo.png 600w, https:\/\/feyder.fr\/wp-content\/uploads\/2025\/10\/2025_10_14_permanence_numerique_logo-300x100.png 300w\" sizes=\"auto, (max-width: 600px) 100vw, 600px\" \/><\/a><\/figure>\n\n\n\n<figure class=\"wp-block-image size-full\"><a href=\"https:\/\/feyder.fr\/?cat=10\"><img loading=\"lazy\" decoding=\"async\" width=\"600\" height=\"200\" src=\"https:\/\/feyder.fr\/wp-content\/uploads\/2025\/10\/2025_10_10_cvl_logo.png\" alt=\"\" class=\"wp-image-574\" srcset=\"https:\/\/feyder.fr\/wp-content\/uploads\/2025\/10\/2025_10_10_cvl_logo.png 600w, https:\/\/feyder.fr\/wp-content\/uploads\/2025\/10\/2025_10_10_cvl_logo-300x100.png 300w\" sizes=\"auto, (max-width: 600px) 100vw, 600px\" \/><\/a><\/figure>\n\n\n\n<figure class=\"wp-block-image size-full\"><a href=\"https:\/\/feyder.fr\/wp-content\/uploads\/2025\/10\/2025_10_10_cine_debat_affiche.png\" target=\"_blank\" rel=\" noreferrer noopener\"><img loading=\"lazy\" decoding=\"async\" width=\"600\" height=\"200\" src=\"https:\/\/feyder.fr\/wp-content\/uploads\/2025\/10\/2025_10_10_cine_debat_logo.png\" alt=\"\" class=\"wp-image-566\" srcset=\"https:\/\/feyder.fr\/wp-content\/uploads\/2025\/10\/2025_10_10_cine_debat_logo.png 600w, https:\/\/feyder.fr\/wp-content\/uploads\/2025\/10\/2025_10_10_cine_debat_logo-300x100.png 300w\" sizes=\"auto, (max-width: 600px) 100vw, 600px\" \/><\/a><\/figure>\n\n\n\n<figure class=\"wp-block-image size-full\"><a href=\"https:\/\/feyder.fr\/wp-content\/uploads\/2025\/10\/2025_10_07_journee_integration_bts_tourisme_affiche.pdf\" target=\"_blank\" rel=\" noreferrer noopener\"><img loading=\"lazy\" decoding=\"async\" width=\"600\" height=\"200\" src=\"https:\/\/feyder.fr\/wp-content\/uploads\/2025\/10\/2025_10_07_journee_integration_bts_tourisme_logo.png\" alt=\"\" class=\"wp-image-561\" srcset=\"https:\/\/feyder.fr\/wp-content\/uploads\/2025\/10\/2025_10_07_journee_integration_bts_tourisme_logo.png 600w, https:\/\/feyder.fr\/wp-content\/uploads\/2025\/10\/2025_10_07_journee_integration_bts_tourisme_logo-300x100.png 300w\" sizes=\"auto, (max-width: 600px) 100vw, 600px\" \/><\/a><\/figure>\n\n\n\n<figure class=\"wp-block-image size-full\"><a href=\"https:\/\/feyder.fr\/wp-content\/uploads\/2025\/10\/2025_10_03_tournoi_ootball_affiche.png\" target=\"_blank\" rel=\" noreferrer noopener\"><img loading=\"lazy\" decoding=\"async\" width=\"600\" height=\"200\" src=\"https:\/\/feyder.fr\/wp-content\/uploads\/2025\/10\/2025_10_03_tournoi_football_logo.png\" alt=\"\" class=\"wp-image-551\" srcset=\"https:\/\/feyder.fr\/wp-content\/uploads\/2025\/10\/2025_10_03_tournoi_football_logo.png 600w, https:\/\/feyder.fr\/wp-content\/uploads\/2025\/10\/2025_10_03_tournoi_football_logo-300x100.png 300w\" sizes=\"auto, (max-width: 600px) 100vw, 600px\" \/><\/a><\/figure>\n\n\n\n<figure class=\"wp-block-image size-full\"><a href=\"https:\/\/feyder.fr\/wp-content\/uploads\/2025\/10\/2025_09_30_cvl_affiche.png\" target=\"_blank\" rel=\" noreferrer noopener\"><img decoding=\"async\" src=\"https:\/\/feyder.fr\/wp-content\/uploads\/2025\/09\/2025_09_30_cvl_logo.png\" alt=\"\" class=\"wp-image-545\"\/><\/a><\/figure>\n\n\n\n<figure class=\"wp-block-image size-full\"><a href=\"https:\/\/feyder.fr\/wp-content\/uploads\/2025\/09\/2025_09_30_lecture_rapide_affiche.png\" target=\"_blank\" rel=\" noreferrer noopener\"><img loading=\"lazy\" decoding=\"async\" width=\"600\" height=\"200\" src=\"https:\/\/feyder.fr\/wp-content\/uploads\/2025\/09\/2025_09_30_lecture_rapide_logo.png\" alt=\"\" class=\"wp-image-542\" srcset=\"https:\/\/feyder.fr\/wp-content\/uploads\/2025\/09\/2025_09_30_lecture_rapide_logo.png 600w, https:\/\/feyder.fr\/wp-content\/uploads\/2025\/09\/2025_09_30_lecture_rapide_logo-300x100.png 300w\" sizes=\"auto, (max-width: 600px) 100vw, 600px\" \/><\/a><\/figure>\n\n\n\n<figure class=\"wp-block-image size-full\"><a href=\"https:\/\/feyder.fr\/wp-content\/uploads\/2025\/09\/2025_09_30__petits_plans_affiche.png\" target=\"_blank\" rel=\" noreferrer noopener\"><img loading=\"lazy\" decoding=\"async\" width=\"600\" height=\"200\" src=\"https:\/\/feyder.fr\/wp-content\/uploads\/2025\/09\/2025_09_30__petits_plans_logo.png\" alt=\"\" class=\"wp-image-537\" srcset=\"https:\/\/feyder.fr\/wp-content\/uploads\/2025\/09\/2025_09_30__petits_plans_logo.png 600w, https:\/\/feyder.fr\/wp-content\/uploads\/2025\/09\/2025_09_30__petits_plans_logo-300x100.png 300w\" sizes=\"auto, (max-width: 600px) 100vw, 600px\" \/><\/a><\/figure>\n\n\n\n<figure class=\"wp-block-image size-full\"><a href=\"https:\/\/feyder.fr\/wp-content\/uploads\/2025\/09\/2025_09_26_formation_bafa_affiche.png\" target=\"_blank\" rel=\" noreferrer noopener\"><img loading=\"lazy\" decoding=\"async\" width=\"600\" height=\"200\" src=\"https:\/\/feyder.fr\/wp-content\/uploads\/2025\/09\/2025_09_26_formation_bafa_logo.png\" alt=\"\" class=\"wp-image-533\" srcset=\"https:\/\/feyder.fr\/wp-content\/uploads\/2025\/09\/2025_09_26_formation_bafa_logo.png 600w, https:\/\/feyder.fr\/wp-content\/uploads\/2025\/09\/2025_09_26_formation_bafa_logo-300x100.png 300w\" sizes=\"auto, (max-width: 600px) 100vw, 600px\" \/><\/a><\/figure>\n\n\n\n<figure class=\"wp-block-image size-full\"><a href=\"https:\/\/feyder.fr\/wp-content\/uploads\/2025\/09\/2025_09_22_club_lecture_affiche.png\" target=\"_blank\" rel=\" noreferrer noopener\"><img loading=\"lazy\" decoding=\"async\" width=\"600\" height=\"200\" src=\"https:\/\/feyder.fr\/wp-content\/uploads\/2025\/09\/2025_09_22_club_lecture_logo.png\" alt=\"\" class=\"wp-image-530\" srcset=\"https:\/\/feyder.fr\/wp-content\/uploads\/2025\/09\/2025_09_22_club_lecture_logo.png 600w, https:\/\/feyder.fr\/wp-content\/uploads\/2025\/09\/2025_09_22_club_lecture_logo-300x100.png 300w\" sizes=\"auto, (max-width: 600px) 100vw, 600px\" \/><\/a><\/figure>\n","protected":false},"excerpt":{"rendered":"<p>Le site web a \u00e9t\u00e9 transf\u00e9r\u00e9 \u00e0 cette adresse : https:\/\/lyceefeyder.org\/ Acc\u00e8s rapide Actualit\u00e9s<\/p>\n","protected":false},"author":1,"featured_media":0,"parent":0,"menu_order":0,"comment_status":"closed","ping_status":"closed","template":"","meta":{"site-sidebar-layout":"default","site-content-layout":"","ast-site-content-layout":"","site-content-style":"default","site-sidebar-style":"default","ast-global-header-display":"","ast-banner-title-visibility":"","ast-main-header-display":"","ast-hfb-above-header-display":"","ast-hfb-below-header-display":"","ast-hfb-mobile-header-display":"","site-post-title":"","ast-breadcrumbs-content":"","ast-featured-img":"","footer-sml-layout":"","theme-transparent-header-meta":"","adv-header-id-meta":"","stick-header-meta":"","header-above-stick-meta":"","header-main-stick-meta":"","header-below-stick-meta":"","astra-migrate-meta-layouts":"default","ast-page-background-enabled":"default","ast-page-background-meta":{"desktop":{"background-color":"var(--ast-global-color-5)","background-image":"","background-repeat":"repeat","background-position":"center center","background-size":"auto","background-attachment":"scroll","background-type":"","background-media":"","overlay-type":"","overlay-color":"","overlay-opacity":"","overlay-gradient":""},"tablet":{"background-color":"","background-image":"","background-repeat":"repeat","background-position":"center center","background-size":"auto","background-attachment":"scroll","background-type":"","background-media":"","overlay-type":"","overlay-color":"","overlay-opacity":"","overlay-gradient":""},"mobile":{"background-color":"","background-image":"","background-repeat":"repeat","background-position":"center center","background-size":"auto","background-attachment":"scroll","background-type":"","background-media":"","overlay-type":"","overlay-color":"","overlay-opacity":"","overlay-gradient":""}},"ast-content-background-meta":{"desktop":{"background-color":"var(--ast-global-color-4)","background-image":"","background-repeat":"repeat","background-position":"center center","background-size":"auto","background-attachment":"scroll","background-type":"","background-media":"","overlay-type":"","overlay-color":"","overlay-opacity":"","overlay-gradient":""},"tablet":{"background-color":"var(--ast-global-color-4)","background-image":"","background-repeat":"repeat","background-position":"center center","background-size":"auto","background-attachment":"scroll","background-type":"","background-media":"","overlay-type":"","overlay-color":"","overlay-opacity":"","overlay-gradient":""},"mobile":{"background-color":"var(--ast-global-color-4)","background-image":"","background-repeat":"repeat","background-position":"center center","background-size":"auto","background-attachment":"scroll","background-type":"","background-media":"","overlay-type":"","overlay-color":"","overlay-opacity":"","overlay-gradient":""}},"footnotes":""},"class_list":["post-9","page","type-page","status-publish","hentry"],"_links":{"self":[{"href":"https:\/\/feyder.fr\/index.php?rest_route=\/wp\/v2\/pages\/9","targetHints":{"allow":["GET"]}}],"collection":[{"href":"https:\/\/feyder.fr\/index.php?rest_route=\/wp\/v2\/pages"}],"about":[{"href":"https:\/\/feyder.fr\/index.php?rest_route=\/wp\/v2\/types\/page"}],"author":[{"embeddable":true,"href":"https:\/\/feyder.fr\/index.php?rest_route=\/wp\/v2\/users\/1"}],"replies":[{"embeddable":true,"href":"https:\/\/feyder.fr\/index.php?rest_route=%2Fwp%2Fv2%2Fcomments&post=9"}],"version-history":[{"count":164,"href":"https:\/\/feyder.fr\/index.php?rest_route=\/wp\/v2\/pages\/9\/revisions"}],"predecessor-version":[{"id":598,"href":"https:\/\/feyder.fr\/index.php?rest_route=\/wp\/v2\/pages\/9\/revisions\/598"}],"wp:attachment":[{"href":"https:\/\/feyder.fr\/index.php?rest_route=%2Fwp%2Fv2%2Fmedia&parent=9"}],"curies":[{"name":"wp","href":"https:\/\/api.w.org\/{rel}","templated":true}]}}